{"id":11,"date":"2026-02-22T17:32:55","date_gmt":"2026-02-22T17:32:55","guid":{"rendered":"https:\/\/perlesdebolonia.com\/?page_id=11"},"modified":"2026-02-22T22:33:57","modified_gmt":"2026-02-22T22:33:57","slug":"elevage-perles-de-bolonia","status":"publish","type":"page","link":"https:\/\/perlesdebolonia.com\/","title":{"rendered":"\u00c9levage Perles de Bolonia"},"content":{"rendered":"\n<div class=\"wp-block-cover alignfull has-custom-content-position is-position-bottom-center\" style=\"margin-top:0;margin-bottom:0;padding-top:var(--wp--preset--spacing--50);padding-right:var(--wp--preset--spacing--50);padding-bottom:var(--wp--preset--spacing--50);padding-left:var(--wp--preset--spacing--50);min-height:840px;aspect-ratio:unset;\"><img loading=\"lazy\" decoding=\"async\" width=\"1024\" height=\"683\" class=\"wp-block-cover__image-background wp-image-13 size-large\" alt=\"\" src=\"https:\/\/perlesdebolonia.com\/wp-content\/uploads\/2026\/02\/EBE_3735-1024x683.jpg\" data-object-fit=\"cover\" srcset=\"https:\/\/perlesdebolonia.com\/wp-content\/uploads\/2026\/02\/EBE_3735-1024x683.jpg 1024w, https:\/\/perlesdebolonia.com\/wp-content\/uploads\/2026\/02\/EBE_3735-300x200.jpg 300w, https:\/\/perlesdebolonia.com\/wp-content\/uploads\/2026\/02\/EBE_3735-768x512.jpg 768w, https:\/\/perlesdebolonia.com\/wp-content\/uploads\/2026\/02\/EBE_3735-1536x1024.jpg 1536w, https:\/\/perlesdebolonia.com\/wp-content\/uploads\/2026\/02\/EBE_3735-2048x1365.jpg 2048w\" sizes=\"auto, (max-width: 1024px) 100vw, 1024px\" \/><span aria-hidden=\"true\" class=\"wp-block-cover__background has-background-dim-10 has-background-dim\"><\/span><div class=\"wp-block-cover__inner-container has-global-padding is-layout-constrained wp-container-core-cover-is-layout-d89aad35 wp-block-cover-is-layout-constrained\">\n<figure class=\"wp-block-image size-large\"><img loading=\"lazy\" decoding=\"async\" width=\"1024\" height=\"683\" src=\"https:\/\/perlesdebolonia.com\/wp-content\/uploads\/2026\/02\/EBE_3745-1024x683.jpg\" alt=\"\" class=\"wp-image-14\" srcset=\"https:\/\/perlesdebolonia.com\/wp-content\/uploads\/2026\/02\/EBE_3745-1024x683.jpg 1024w, https:\/\/perlesdebolonia.com\/wp-content\/uploads\/2026\/02\/EBE_3745-300x200.jpg 300w, https:\/\/perlesdebolonia.com\/wp-content\/uploads\/2026\/02\/EBE_3745-768x512.jpg 768w, https:\/\/perlesdebolonia.com\/wp-content\/uploads\/2026\/02\/EBE_3745-1536x1024.jpg 1536w, https:\/\/perlesdebolonia.com\/wp-content\/uploads\/2026\/02\/EBE_3745-2048x1365.jpg 2048w\" sizes=\"auto, (max-width: 1024px) 100vw, 1024px\" \/><\/figure>\n<\/div><\/div>\n\n\n\n<div class=\"wp-block-group alignfull is-style-section-5 has-global-padding is-layout-constrained wp-block-group-is-layout-constrained is-style-section-5--1\" style=\"margin-top:0;margin-bottom:0;padding-top:var(--wp--preset--spacing--50);padding-bottom:var(--wp--preset--spacing--50)\">\n<div class=\"wp-block-columns alignwide is-layout-flex wp-container-core-columns-is-layout-7ee84d44 wp-block-columns-is-layout-flex\">\n<div class=\"wp-block-column is-vertically-aligned-center is-layout-flow wp-block-column-is-layout-flow\" style=\"flex-basis:50%\">\n<h2 class=\"wp-block-heading\"><br>\u00c9levage familial de bichons bolonais LOF \u00e9lev\u00e9s avec passion, douceur et respect du bien-\u00eatre animal.<\/h2>\n<\/div>\n\n\n\n<div class=\"wp-block-column is-vertically-aligned-center is-layout-flow wp-block-column-is-layout-flow\" style=\"flex-basis:50%\">\n<figure class=\"wp-block-image aligncenter size-full\"><img loading=\"lazy\" decoding=\"async\" width=\"2560\" height=\"1707\" src=\"https:\/\/perlesdebolonia.com\/wp-content\/uploads\/2026\/02\/EBE_3736-1-scaled.jpg\" alt=\"\" class=\"wp-image-28\" style=\"aspect-ratio:1;object-fit:cover\" srcset=\"https:\/\/perlesdebolonia.com\/wp-content\/uploads\/2026\/02\/EBE_3736-1-scaled.jpg 2560w, https:\/\/perlesdebolonia.com\/wp-content\/uploads\/2026\/02\/EBE_3736-1-300x200.jpg 300w, https:\/\/perlesdebolonia.com\/wp-content\/uploads\/2026\/02\/EBE_3736-1-1024x683.jpg 1024w, https:\/\/perlesdebolonia.com\/wp-content\/uploads\/2026\/02\/EBE_3736-1-768x512.jpg 768w, https:\/\/perlesdebolonia.com\/wp-content\/uploads\/2026\/02\/EBE_3736-1-1536x1024.jpg 1536w, https:\/\/perlesdebolonia.com\/wp-content\/uploads\/2026\/02\/EBE_3736-1-2048x1365.jpg 2048w\" sizes=\"auto, (max-width: 2560px) 100vw, 2560px\" \/><\/figure>\n<\/div>\n<\/div>\n<\/div>\n\n\n\n<div class=\"wp-block-group alignfull has-global-padding is-layout-constrained wp-block-group-is-layout-constrained\" style=\"margin-top:0;margin-bottom:0\">\n<div class=\"wp-block-group alignwide is-layout-grid wp-container-core-group-is-layout-5fdb10e5 wp-block-group-is-layout-grid\" style=\"padding-top:var(--wp--preset--spacing--50);padding-bottom:var(--wp--preset--spacing--50)\">\n<div class=\"wp-block-group is-vertical is-content-justification-stretch is-nowrap is-layout-flex wp-container-core-group-is-layout-627337ab wp-block-group-is-layout-flex\">\n<div class=\"wp-block-group is-vertical is-content-justification-left is-layout-flex wp-container-core-group-is-layout-dd225191 wp-block-group-is-layout-flex\">\n<p class=\"is-style-text-subtitle is-style-text-subtitle--2\">Nos chiens vivent \u00e0 nos c\u00f4t\u00e9s dans un environnement familial, favorisant leur \u00e9quilibre et leur sociabilit\u00e9.<\/p>\n<\/div>\n\n\n\n<figure class=\"wp-block-image size-full\"><img loading=\"lazy\" decoding=\"async\" width=\"2560\" height=\"1707\" src=\"https:\/\/perlesdebolonia.com\/wp-content\/uploads\/2026\/02\/EBE_3812-1-scaled.jpg\" alt=\"\" class=\"wp-image-27\" style=\"aspect-ratio:16\/9;object-fit:cover\" srcset=\"https:\/\/perlesdebolonia.com\/wp-content\/uploads\/2026\/02\/EBE_3812-1-scaled.jpg 2560w, https:\/\/perlesdebolonia.com\/wp-content\/uploads\/2026\/02\/EBE_3812-1-300x200.jpg 300w, https:\/\/perlesdebolonia.com\/wp-content\/uploads\/2026\/02\/EBE_3812-1-1024x683.jpg 1024w, https:\/\/perlesdebolonia.com\/wp-content\/uploads\/2026\/02\/EBE_3812-1-768x512.jpg 768w, https:\/\/perlesdebolonia.com\/wp-content\/uploads\/2026\/02\/EBE_3812-1-1536x1024.jpg 1536w, https:\/\/perlesdebolonia.com\/wp-content\/uploads\/2026\/02\/EBE_3812-1-2048x1365.jpg 2048w\" sizes=\"auto, (max-width: 2560px) 100vw, 2560px\" \/><\/figure>\n<\/div>\n\n\n\n<figure class=\"wp-block-image size-full wp-container-content-5fd69529\"><img loading=\"lazy\" decoding=\"async\" width=\"2560\" height=\"1707\" src=\"https:\/\/perlesdebolonia.com\/wp-content\/uploads\/2026\/02\/EBE_3854-2-1-edited-scaled.jpg\" alt=\"\" class=\"wp-image-25\" style=\"aspect-ratio:3\/4;object-fit:cover\" srcset=\"https:\/\/perlesdebolonia.com\/wp-content\/uploads\/2026\/02\/EBE_3854-2-1-edited-scaled.jpg 2560w, https:\/\/perlesdebolonia.com\/wp-content\/uploads\/2026\/02\/EBE_3854-2-1-edited-300x200.jpg 300w, https:\/\/perlesdebolonia.com\/wp-content\/uploads\/2026\/02\/EBE_3854-2-1-edited-1024x683.jpg 1024w, https:\/\/perlesdebolonia.com\/wp-content\/uploads\/2026\/02\/EBE_3854-2-1-edited-768x512.jpg 768w, https:\/\/perlesdebolonia.com\/wp-content\/uploads\/2026\/02\/EBE_3854-2-1-edited-1536x1024.jpg 1536w, https:\/\/perlesdebolonia.com\/wp-content\/uploads\/2026\/02\/EBE_3854-2-1-edited-2048x1366.jpg 2048w\" sizes=\"auto, (max-width: 2560px) 100vw, 2560px\" \/><\/figure>\n<\/div>\n<\/div>\n\n\n\n<div class=\"wp-block-group alignfull has-global-padding is-layout-constrained wp-block-group-is-layout-constrained\" style=\"margin-top:0;margin-bottom:0\">\n<div class=\"wp-block-group alignwide is-layout-flow wp-container-core-group-is-layout-d58a0413 wp-block-group-is-layout-flow\" style=\"padding-top:var(--wp--preset--spacing--50);padding-bottom:var(--wp--preset--spacing--50)\">\n<h2 class=\"wp-block-heading has-x-large-font-size\">Chiots bient\u00f4t disponibles<\/h2>\n\n\n\n<p>Une port\u00e9e est attendue prochainement. 4 chiots minimum.<br>N&rsquo;h\u00e9sitez pas \u00e0 nous contacter pour plus d&rsquo;informations.<\/p>\n\n\n\n<div class=\"wp-block-columns is-layout-flex wp-container-core-columns-is-layout-cbe57604 wp-block-columns-is-layout-flex\">\n<div class=\"wp-block-column is-layout-flow wp-block-column-is-layout-flow\"><\/div>\n\n\n\n<div class=\"wp-block-column is-layout-flow wp-block-column-is-layout-flow\"><\/div>\n<\/div>\n\n\n\n<div class=\"wp-block-columns is-layout-flex wp-container-core-columns-is-layout-cbe57604 wp-block-columns-is-layout-flex\">\n<div class=\"wp-block-column is-layout-flow wp-block-column-is-layout-flow\">\n<div class=\"wp-block-group is-layout-flow wp-block-group-is-layout-flow\" style=\"border-top-color:var(--wp--preset--color--accent-6);border-top-width:1px;padding-top:var(--wp--preset--spacing--30);padding-bottom:var(--wp--preset--spacing--30)\">\n<h3 class=\"wp-block-heading\">Contact :<\/h3>\n\n\n\n<p>\u00c9levage Perles de Bolonia<\/p>\n\n\n\n<p>\ud83d\udce7 contact@perlesdebolonia.com<\/p>\n\n\n\n<p>\ud83d\udcd8 Facebook: https:\/\/www.facebook.com\/share\/18NdBnYkL8\/<\/p>\n\n\n\n<p>\ud83d\udfe2 WhatsApp : <a href=\"https:\/\/wa.me\/33626594117\">https:\/\/wa.me\/33626594117<\/a>.<\/p>\n\n\n\n<p>\ud83d\udcf7 Instagram : https:\/\/instagram.com\/perlesbebolonia55<\/p>\n\n\n\n<p>\ud83c\uddeb\ud83c\uddf7 France<\/p>\n\n\n\n<p><\/p>\n<\/div>\n<\/div>\n\n\n\n<div class=\"wp-block-column is-layout-flow wp-block-column-is-layout-flow\"><\/div>\n<\/div>\n<\/div>\n<\/div>\n\n\n\n<div class=\"wp-block-group alignfull has-global-padding is-layout-constrained wp-container-core-group-is-layout-08655630 wp-block-group-is-layout-constrained\" style=\"margin-top:0;margin-bottom:0;padding-top:var(--wp--preset--spacing--80);padding-bottom:var(--wp--preset--spacing--80)\">\n<div class=\"wp-block-group alignwide is-layout-flow wp-block-group-is-layout-flow\">\n<div style=\"height:var(--wp--preset--spacing--40)\" aria-hidden=\"true\" class=\"wp-block-spacer\"><\/div>\n<\/div>\n<\/div>\n","protected":false},"excerpt":{"rendered":"<p>\u00c9levage familial de bichons bolonais LOF \u00e9lev\u00e9s avec passion, douceur et respect du bien-\u00eatre animal. Nos chiens vivent \u00e0 nos c\u00f4t\u00e9s dans un environnement familial, favorisant leur \u00e9quilibre et leur sociabilit\u00e9. Chiots bient\u00f4t disponibles Une port\u00e9e est attendue prochainement. 4 chiots minimum.N&rsquo;h\u00e9sitez pas \u00e0 nous contacter pour plus d&rsquo;informations. Contact : \u00c9levage Perles de Bolonia [&hellip;]<\/p>\n","protected":false},"author":1,"featured_media":0,"parent":0,"menu_order":0,"comment_status":"closed","ping_status":"closed","template":"","meta":{"footnotes":""},"class_list":["post-11","page","type-page","status-publish","hentry"],"jetpack_sharing_enabled":true,"_links":{"self":[{"href":"https:\/\/perlesdebolonia.com\/index.php\/wp-json\/wp\/v2\/pages\/11","targetHints":{"allow":["GET"]}}],"collection":[{"href":"https:\/\/perlesdebolonia.com\/index.php\/wp-json\/wp\/v2\/pages"}],"about":[{"href":"https:\/\/perlesdebolonia.com\/index.php\/wp-json\/wp\/v2\/types\/page"}],"author":[{"embeddable":true,"href":"https:\/\/perlesdebolonia.com\/index.php\/wp-json\/wp\/v2\/users\/1"}],"replies":[{"embeddable":true,"href":"https:\/\/perlesdebolonia.com\/index.php\/wp-json\/wp\/v2\/comments?post=11"}],"version-history":[{"count":9,"href":"https:\/\/perlesdebolonia.com\/index.php\/wp-json\/wp\/v2\/pages\/11\/revisions"}],"predecessor-version":[{"id":55,"href":"https:\/\/perlesdebolonia.com\/index.php\/wp-json\/wp\/v2\/pages\/11\/revisions\/55"}],"wp:attachment":[{"href":"https:\/\/perlesdebolonia.com\/index.php\/wp-json\/wp\/v2\/media?parent=11"}],"curies":[{"name":"wp","href":"https:\/\/api.w.org\/{rel}","templated":true}]}}