{"id":38,"date":"2026-02-22T18:24:52","date_gmt":"2026-02-22T18:24:52","guid":{"rendered":"https:\/\/perlesdebolonia.com\/?page_id=38"},"modified":"2026-03-27T17:40:57","modified_gmt":"2026-03-27T17:40:57","slug":"nos-chiots","status":"publish","type":"page","link":"https:\/\/perlesdebolonia.com\/index.php\/nos-chiots\/","title":{"rendered":"Nos chiots"},"content":{"rendered":"\n<div class=\"wp-block-group alignfull is-layout-flow wp-container-core-group-is-layout-f9cb6abc wp-block-group-is-layout-flow\" style=\"margin-top:0;margin-bottom:0\">\n<div class=\"wp-block-columns alignfull is-style-section-2 is-layout-flex wp-container-core-columns-is-layout-d9884270 wp-block-columns-is-layout-flex is-style-section-2--1\" style=\"padding-top:0;padding-bottom:0\">\n<div class=\"wp-block-column is-layout-flow wp-block-column-is-layout-flow\" style=\"flex-basis:50%\">\n<div class=\"wp-block-group is-vertical is-content-justification-stretch is-layout-flex wp-container-core-group-is-layout-098fff0a wp-block-group-is-layout-flex\" style=\"min-height:33vh;padding-top:var(--wp--preset--spacing--50);padding-right:var(--wp--preset--spacing--50);padding-bottom:var(--wp--preset--spacing--50);padding-left:var(--wp--preset--spacing--50)\">\n<p>Nos chiots \u00e0 venir \ud83d\udc3e<\/p>\n\n\n\n<p>Nous sommes heureux de vous annoncer que Ulianna, notre femelle bichon bolonais, a \u00e9t\u00e9 saillie avec Quentin Di Chiesanova les 1, 2 et 3 janvier. Une radiographie r\u00e9alis\u00e9e le 25 f\u00e9vrier a confirm\u00e9 une port\u00e9e de 2 chiots \ud83d\udc36\ud83e\udd0d.<\/p>\n\n\n\n<p>Les chiots na\u00eetront dans un environnement familial et s\u00e9curis\u00e9, et seront \u00e9lev\u00e9s avec beaucoup d\u2019amour et d\u2019attention, afin de favoriser leur \u00e9quilibre et leur sociabilit\u00e9.<\/p>\n\n\n\n<p>Chaque chiot sera remis \u00e0 sa nouvelle famille :<\/p>\n\n\n\n<p>identifi\u00e9 par puce \u00e9lectronique, inscrit au LOF, vaccin\u00e9 selon le protocole v\u00e9t\u00e9rinaire, accompagn\u00e9 d\u2019un certificat de bonne sant\u00e9 et d\u2019un kit chiot.<\/p>\n<\/div>\n<\/div>\n\n\n\n<div class=\"wp-block-column is-layout-flow wp-block-column-is-layout-flow\" style=\"flex-basis:50%\">\n<div class=\"wp-block-cover is-light\" style=\"min-height:456px;aspect-ratio:unset;\"><img loading=\"lazy\" decoding=\"async\" width=\"461\" height=\"1024\" class=\"wp-block-cover__image-background wp-image-39 size-large\" alt=\"\" src=\"https:\/\/perlesdebolonia.com\/wp-content\/uploads\/2026\/02\/received_3189075131252140-461x1024.jpeg\" data-object-fit=\"cover\" srcset=\"https:\/\/perlesdebolonia.com\/wp-content\/uploads\/2026\/02\/received_3189075131252140-461x1024.jpeg 461w, https:\/\/perlesdebolonia.com\/wp-content\/uploads\/2026\/02\/received_3189075131252140-135x300.jpeg 135w, https:\/\/perlesdebolonia.com\/wp-content\/uploads\/2026\/02\/received_3189075131252140-768x1706.jpeg 768w, https:\/\/perlesdebolonia.com\/wp-content\/uploads\/2026\/02\/received_3189075131252140-692x1536.jpeg 692w, https:\/\/perlesdebolonia.com\/wp-content\/uploads\/2026\/02\/received_3189075131252140.jpeg 922w\" sizes=\"auto, (max-width: 461px) 100vw, 461px\" \/><span aria-hidden=\"true\" class=\"wp-block-cover__background has-background-dim-0 has-background-dim\" style=\"background-color:#8f8982\"><\/span><div class=\"wp-block-cover__inner-container is-layout-flow wp-block-cover-is-layout-flow\">\n<div style=\"height:var(--wp--preset--spacing--20)\" aria-hidden=\"true\" class=\"wp-block-spacer\"><\/div>\n<\/div><\/div>\n<\/div>\n<\/div>\n\n\n\n<p><\/p>\n<\/div>\n\n\n\n<p><\/p>\n\n\n\n<h2 class=\"wp-block-heading\">Suivi de la gestation <\/h2>\n\n\n\n<p><\/p>\n\n\n\n<figure class=\"wp-block-gallery has-nested-images columns-default is-cropped wp-block-gallery-2 is-layout-flex wp-block-gallery-is-layout-flex\">\n<figure class=\"wp-block-image size-large\"><img loading=\"lazy\" decoding=\"async\" width=\"1024\" height=\"712\" data-id=\"58\" src=\"https:\/\/perlesdebolonia.com\/wp-content\/uploads\/2026\/02\/ROMERO_ULIANNA_Abdomen-1024x712.jpg\" alt=\"\" class=\"wp-image-58\" srcset=\"https:\/\/perlesdebolonia.com\/wp-content\/uploads\/2026\/02\/ROMERO_ULIANNA_Abdomen-1024x712.jpg 1024w, https:\/\/perlesdebolonia.com\/wp-content\/uploads\/2026\/02\/ROMERO_ULIANNA_Abdomen-300x209.jpg 300w, https:\/\/perlesdebolonia.com\/wp-content\/uploads\/2026\/02\/ROMERO_ULIANNA_Abdomen-768x534.jpg 768w, https:\/\/perlesdebolonia.com\/wp-content\/uploads\/2026\/02\/ROMERO_ULIANNA_Abdomen-1536x1069.jpg 1536w, https:\/\/perlesdebolonia.com\/wp-content\/uploads\/2026\/02\/ROMERO_ULIANNA_Abdomen.jpg 1775w\" sizes=\"auto, (max-width: 1024px) 100vw, 1024px\" \/><\/figure>\n<\/figure>\n\n\n\n<p>Nous mettrons r\u00e9guli\u00e8rement \u00e0 jour cette page avec les premi\u00e8res photos des chiots d\u00e8s leur naissance.<\/p>\n\n\n\n<p><br>Pour toute information ou r\u00e9servation, n\u2019h\u00e9sitez pas \u00e0 nous contacter via notre adresse mail, Facebook  ou WhatsApp.<\/p>\n\n\n\n<p>Les b\u00e9b\u00e9s sont n\u00e9es le 3 mars  ! Une belle petite femelle et un joli m\u00e2le \ud83e\udd70<\/p>\n\n\n\n<figure class=\"wp-block-gallery has-nested-images columns-default is-cropped wp-block-gallery-3 is-layout-flex wp-block-gallery-is-layout-flex\">\n<figure class=\"wp-block-image size-large\"><img loading=\"lazy\" decoding=\"async\" width=\"768\" height=\"1024\" data-id=\"72\" src=\"https:\/\/perlesdebolonia.com\/wp-content\/uploads\/2026\/03\/20260303_092923-1-768x1024.jpg\" alt=\"\" class=\"wp-image-72\" srcset=\"https:\/\/perlesdebolonia.com\/wp-content\/uploads\/2026\/03\/20260303_092923-1-768x1024.jpg 768w, https:\/\/perlesdebolonia.com\/wp-content\/uploads\/2026\/03\/20260303_092923-1-225x300.jpg 225w, https:\/\/perlesdebolonia.com\/wp-content\/uploads\/2026\/03\/20260303_092923-1-1152x1536.jpg 1152w, https:\/\/perlesdebolonia.com\/wp-content\/uploads\/2026\/03\/20260303_092923-1-1536x2048.jpg 1536w, https:\/\/perlesdebolonia.com\/wp-content\/uploads\/2026\/03\/20260303_092923-1-scaled.jpg 1920w\" sizes=\"auto, (max-width: 768px) 100vw, 768px\" \/><figcaption class=\"wp-element-caption\">La femlle<\/figcaption><\/figure>\n\n\n\n<figure class=\"wp-block-image size-large\"><img loading=\"lazy\" decoding=\"async\" width=\"768\" height=\"1024\" data-id=\"66\" src=\"https:\/\/perlesdebolonia.com\/wp-content\/uploads\/2026\/03\/20260303_092912-768x1024.jpg\" alt=\"\" class=\"wp-image-66\" srcset=\"https:\/\/perlesdebolonia.com\/wp-content\/uploads\/2026\/03\/20260303_092912-768x1024.jpg 768w, https:\/\/perlesdebolonia.com\/wp-content\/uploads\/2026\/03\/20260303_092912-225x300.jpg 225w, https:\/\/perlesdebolonia.com\/wp-content\/uploads\/2026\/03\/20260303_092912-1152x1536.jpg 1152w, https:\/\/perlesdebolonia.com\/wp-content\/uploads\/2026\/03\/20260303_092912-1536x2048.jpg 1536w, https:\/\/perlesdebolonia.com\/wp-content\/uploads\/2026\/03\/20260303_092912-scaled.jpg 1920w\" sizes=\"auto, (max-width: 768px) 100vw, 768px\" \/><\/figure>\n\n\n\n<figure class=\"wp-block-image size-large\"><img loading=\"lazy\" decoding=\"async\" width=\"768\" height=\"1024\" data-id=\"63\" src=\"https:\/\/perlesdebolonia.com\/wp-content\/uploads\/2026\/03\/Snapchat-921835612-768x1024.jpg\" alt=\"\" class=\"wp-image-63\" srcset=\"https:\/\/perlesdebolonia.com\/wp-content\/uploads\/2026\/03\/Snapchat-921835612-768x1024.jpg 768w, https:\/\/perlesdebolonia.com\/wp-content\/uploads\/2026\/03\/Snapchat-921835612-225x300.jpg 225w, https:\/\/perlesdebolonia.com\/wp-content\/uploads\/2026\/03\/Snapchat-921835612-1152x1536.jpg 1152w, https:\/\/perlesdebolonia.com\/wp-content\/uploads\/2026\/03\/Snapchat-921835612-1536x2048.jpg 1536w, https:\/\/perlesdebolonia.com\/wp-content\/uploads\/2026\/03\/Snapchat-921835612-scaled.jpg 1920w\" sizes=\"auto, (max-width: 768px) 100vw, 768px\" \/><\/figure>\n\n\n\n<figure class=\"wp-block-image size-large\"><img loading=\"lazy\" decoding=\"async\" width=\"768\" height=\"1024\" data-id=\"64\" src=\"https:\/\/perlesdebolonia.com\/wp-content\/uploads\/2026\/03\/20260303_093000-768x1024.jpg\" alt=\"\" class=\"wp-image-64\" srcset=\"https:\/\/perlesdebolonia.com\/wp-content\/uploads\/2026\/03\/20260303_093000-768x1024.jpg 768w, https:\/\/perlesdebolonia.com\/wp-content\/uploads\/2026\/03\/20260303_093000-225x300.jpg 225w, https:\/\/perlesdebolonia.com\/wp-content\/uploads\/2026\/03\/20260303_093000-1152x1536.jpg 1152w, https:\/\/perlesdebolonia.com\/wp-content\/uploads\/2026\/03\/20260303_093000-1536x2048.jpg 1536w, https:\/\/perlesdebolonia.com\/wp-content\/uploads\/2026\/03\/20260303_093000-scaled.jpg 1920w\" sizes=\"auto, (max-width: 768px) 100vw, 768px\" \/><\/figure>\n<\/figure>\n\n\n\n<p><\/p>\n\n\n\n<p>Suite \u00e0 un d\u00e9sistement petit Monsieur est toujours \u00e0 la recherche de sa future famille \ud83d\ude0a<\/p>\n\n\n\n<figure class=\"wp-block-image size-large\"><img loading=\"lazy\" decoding=\"async\" width=\"459\" height=\"1024\" src=\"https:\/\/perlesdebolonia.com\/wp-content\/uploads\/2026\/03\/Screenshot_20260327_180202_Gallery-459x1024.jpg\" alt=\"\" class=\"wp-image-76\" srcset=\"https:\/\/perlesdebolonia.com\/wp-content\/uploads\/2026\/03\/Screenshot_20260327_180202_Gallery-459x1024.jpg 459w, https:\/\/perlesdebolonia.com\/wp-content\/uploads\/2026\/03\/Screenshot_20260327_180202_Gallery-135x300.jpg 135w, https:\/\/perlesdebolonia.com\/wp-content\/uploads\/2026\/03\/Screenshot_20260327_180202_Gallery-768x1712.jpg 768w, https:\/\/perlesdebolonia.com\/wp-content\/uploads\/2026\/03\/Screenshot_20260327_180202_Gallery-689x1536.jpg 689w, https:\/\/perlesdebolonia.com\/wp-content\/uploads\/2026\/03\/Screenshot_20260327_180202_Gallery-919x2048.jpg 919w, https:\/\/perlesdebolonia.com\/wp-content\/uploads\/2026\/03\/Screenshot_20260327_180202_Gallery.jpg 1080w\" sizes=\"auto, (max-width: 459px) 100vw, 459px\" \/><\/figure>\n","protected":false},"excerpt":{"rendered":"<p>Nos chiots \u00e0 venir \ud83d\udc3e Nous sommes heureux de vous annoncer que Ulianna, notre femelle bichon bolonais, a \u00e9t\u00e9 saillie avec Quentin Di Chiesanova les 1, 2 et 3 janvier. Une radiographie r\u00e9alis\u00e9e le 25 f\u00e9vrier a confirm\u00e9 une port\u00e9e de 2 chiots \ud83d\udc36\ud83e\udd0d. Les chiots na\u00eetront dans un environnement familial et s\u00e9curis\u00e9, et seront [&hellip;]<\/p>\n","protected":false},"author":1,"featured_media":67,"parent":0,"menu_order":0,"comment_status":"closed","ping_status":"closed","template":"","meta":{"footnotes":""},"class_list":["post-38","page","type-page","status-publish","has-post-thumbnail","hentry"],"jetpack_sharing_enabled":true,"_links":{"self":[{"href":"https:\/\/perlesdebolonia.com\/index.php\/wp-json\/wp\/v2\/pages\/38","targetHints":{"allow":["GET"]}}],"collection":[{"href":"https:\/\/perlesdebolonia.com\/index.php\/wp-json\/wp\/v2\/pages"}],"about":[{"href":"https:\/\/perlesdebolonia.com\/index.php\/wp-json\/wp\/v2\/types\/page"}],"author":[{"embeddable":true,"href":"https:\/\/perlesdebolonia.com\/index.php\/wp-json\/wp\/v2\/users\/1"}],"replies":[{"embeddable":true,"href":"https:\/\/perlesdebolonia.com\/index.php\/wp-json\/wp\/v2\/comments?post=38"}],"version-history":[{"count":9,"href":"https:\/\/perlesdebolonia.com\/index.php\/wp-json\/wp\/v2\/pages\/38\/revisions"}],"predecessor-version":[{"id":77,"href":"https:\/\/perlesdebolonia.com\/index.php\/wp-json\/wp\/v2\/pages\/38\/revisions\/77"}],"wp:featuredmedia":[{"embeddable":true,"href":"https:\/\/perlesdebolonia.com\/index.php\/wp-json\/wp\/v2\/media\/67"}],"wp:attachment":[{"href":"https:\/\/perlesdebolonia.com\/index.php\/wp-json\/wp\/v2\/media?parent=38"}],"curies":[{"name":"wp","href":"https:\/\/api.w.org\/{rel}","templated":true}]}}